{"id":4,"date":"2021-01-02T23:18:39","date_gmt":"2021-01-02T23:18:39","guid":{"rendered":"https:\/\/bodendetektion.de\/willkommen-auf-https-bodendetektion-de"},"modified":"2021-03-29T18:17:48","modified_gmt":"2021-03-29T17:17:48","slug":"willkommen-auf-https-bodendetektion-de","status":"publish","type":"page","link":"https:\/\/bodendetektion.de\/","title":{"rendered":"Willkommen bei Bodendetektion"},"content":{"rendered":"\n<p>Historisches, Verborgenes, Verlorenes, Technisches, Vergessenes, Wichtiges<\/p>\n\n\n\n<blockquote class=\"wp-block-quote is-style-default is-layout-flow wp-block-quote-is-layout-flow\"><p><strong>Neuzeitliches<\/strong><\/p><\/blockquote>\n\n\n\n<ul class=\"wp-block-list\"><li>Verlorener Schmuck, Eheringe, Ketten, Ohrringe<\/li><\/ul>\n\n\n\n<ul class=\"wp-block-list\"><li>Verlorene H\u00f6rger\u00e4te<\/li><\/ul>\n\n\n\n<ul class=\"wp-block-list\"><li>Verlorene Autoschl\u00fcssel<\/li><\/ul>\n\n\n\n<ul class=\"wp-block-list\"><li>etc&#8230;<\/li><\/ul>\n\n\n\n<blockquote class=\"wp-block-quote is-layout-flow wp-block-quote-is-layout-flow\"><p><strong>Mittelalter<\/strong><\/p><\/blockquote>\n\n\n\n<blockquote class=\"wp-block-quote is-layout-flow wp-block-quote-is-layout-flow\"><p><strong>Antike<\/strong><\/p><\/blockquote>\n\n\n\n<blockquote class=\"wp-block-quote is-layout-flow wp-block-quote-is-layout-flow\"><p><strong>Steinzeit<\/strong><\/p><p><strong>Fossilien<\/strong><\/p><p>&#8211; Gefunden bei Rees am Rhein<\/p><p><img loading=\"lazy\" decoding=\"async\" width=\"800\" height=\"600\" class=\"wp-image-91\" style=\"width: 800px;\" src=\"https:\/\/bodendetektion.de\/wp-content\/uploads\/2021\/03\/1.jpg\" alt=\"Fossilien in Schiefer\" srcset=\"https:\/\/bodendetektion.de\/wp-content\/uploads\/2021\/03\/1.jpg 1024w, https:\/\/bodendetektion.de\/wp-content\/uploads\/2021\/03\/1-300x225.jpg 300w, https:\/\/bodendetektion.de\/wp-content\/uploads\/2021\/03\/1-768x576.jpg 768w\" sizes=\"auto, (max-width: 800px) 100vw, 800px\" \/><img loading=\"lazy\" decoding=\"async\" width=\"800\" height=\"600\" class=\"wp-image-95\" style=\"width: 800px;\" src=\"https:\/\/bodendetektion.de\/wp-content\/uploads\/2021\/03\/5.jpg\" alt=\"Fossilien in Schiefer\" srcset=\"https:\/\/bodendetektion.de\/wp-content\/uploads\/2021\/03\/5.jpg 1024w, https:\/\/bodendetektion.de\/wp-content\/uploads\/2021\/03\/5-300x225.jpg 300w, https:\/\/bodendetektion.de\/wp-content\/uploads\/2021\/03\/5-768x576.jpg 768w\" sizes=\"auto, (max-width: 800px) 100vw, 800px\" \/><img loading=\"lazy\" decoding=\"async\" width=\"800\" height=\"600\" class=\"wp-image-92\" style=\"width: 800px;\" src=\"https:\/\/bodendetektion.de\/wp-content\/uploads\/2021\/03\/2.jpg\" alt=\"Fossilien in Schiefer\" srcset=\"https:\/\/bodendetektion.de\/wp-content\/uploads\/2021\/03\/2.jpg 1024w, https:\/\/bodendetektion.de\/wp-content\/uploads\/2021\/03\/2-300x225.jpg 300w, https:\/\/bodendetektion.de\/wp-content\/uploads\/2021\/03\/2-768x576.jpg 768w\" sizes=\"auto, (max-width: 800px) 100vw, 800px\" \/><img loading=\"lazy\" decoding=\"async\" width=\"800\" height=\"600\" class=\"wp-image-93\" style=\"width: 800px;\" src=\"https:\/\/bodendetektion.de\/wp-content\/uploads\/2021\/03\/3.jpg\" alt=\"Fossilien in Schiefer\" srcset=\"https:\/\/bodendetektion.de\/wp-content\/uploads\/2021\/03\/3.jpg 1024w, https:\/\/bodendetektion.de\/wp-content\/uploads\/2021\/03\/3-300x225.jpg 300w, https:\/\/bodendetektion.de\/wp-content\/uploads\/2021\/03\/3-768x576.jpg 768w\" sizes=\"auto, (max-width: 800px) 100vw, 800px\" \/><img loading=\"lazy\" decoding=\"async\" width=\"800\" height=\"600\" class=\"wp-image-94\" style=\"width: 800px;\" src=\"https:\/\/bodendetektion.de\/wp-content\/uploads\/2021\/03\/4.jpg\" alt=\"Fossilien in Schiefer\" srcset=\"https:\/\/bodendetektion.de\/wp-content\/uploads\/2021\/03\/4.jpg 1024w, https:\/\/bodendetektion.de\/wp-content\/uploads\/2021\/03\/4-300x225.jpg 300w, https:\/\/bodendetektion.de\/wp-content\/uploads\/2021\/03\/4-768x576.jpg 768w\" sizes=\"auto, (max-width: 800px) 100vw, 800px\" \/><\/p><\/blockquote>\n","protected":false},"excerpt":{"rendered":"<p>Historisches, Verborgenes, Verlorenes, Technisches, Vergessenes, Wichtiges Neuzeitliches Verlorener Schmuck, Eheringe, Ketten, Ohrringe Verlorene H\u00f6rger\u00e4te Verlorene Autoschl\u00fcssel etc&#8230; Mittelalter Antike Steinzeit Fossilien &#8211; Gefunden bei Rees am Rhein<\/p>\n","protected":false},"author":1,"featured_media":0,"parent":0,"menu_order":0,"comment_status":"closed","ping_status":"open","template":"","meta":{"footnotes":""},"class_list":["post-4","page","type-page","status-publish","hentry"],"_links":{"self":[{"href":"https:\/\/bodendetektion.de\/index.php?rest_route=\/wp\/v2\/pages\/4","targetHints":{"allow":["GET"]}}],"collection":[{"href":"https:\/\/bodendetektion.de\/index.php?rest_route=\/wp\/v2\/pages"}],"about":[{"href":"https:\/\/bodendetektion.de\/index.php?rest_route=\/wp\/v2\/types\/page"}],"author":[{"embeddable":true,"href":"https:\/\/bodendetektion.de\/index.php?rest_route=\/wp\/v2\/users\/1"}],"replies":[{"embeddable":true,"href":"https:\/\/bodendetektion.de\/index.php?rest_route=%2Fwp%2Fv2%2Fcomments&post=4"}],"version-history":[{"count":28,"href":"https:\/\/bodendetektion.de\/index.php?rest_route=\/wp\/v2\/pages\/4\/revisions"}],"predecessor-version":[{"id":97,"href":"https:\/\/bodendetektion.de\/index.php?rest_route=\/wp\/v2\/pages\/4\/revisions\/97"}],"wp:attachment":[{"href":"https:\/\/bodendetektion.de\/index.php?rest_route=%2Fwp%2Fv2%2Fmedia&parent=4"}],"curies":[{"name":"wp","href":"https:\/\/api.w.org\/{rel}","templated":true}]}}